{"id":58,"date":"2016-10-14T10:28:02","date_gmt":"2016-10-14T08:28:02","guid":{"rendered":"http:\/\/www.susanne-theil.de\/?page_id=58"},"modified":"2022-09-21T05:11:14","modified_gmt":"2022-09-21T03:11:14","slug":"theater","status":"publish","type":"page","link":"http:\/\/www.susanne-theil.de\/?page_id=58","title":{"rendered":"Theater"},"content":{"rendered":"<p><a href=\"http:\/\/www.susanne-theil.de\/wp-content\/uploads\/2016\/10\/IMG_6608-01.jpeg\"><img loading=\"lazy\" decoding=\"async\" class=\"alignleft size-thumbnail wp-image-373\" src=\"http:\/\/www.susanne-theil.de\/wp-content\/uploads\/2016\/10\/IMG_6608-01-150x150.jpeg\" alt=\"Extrawurst\" width=\"150\" height=\"150\" srcset=\"http:\/\/www.susanne-theil.de\/wp-content\/uploads\/2016\/10\/IMG_6608-01-150x150.jpeg 150w, http:\/\/www.susanne-theil.de\/wp-content\/uploads\/2016\/10\/IMG_6608-01-300x300.jpeg 300w, http:\/\/www.susanne-theil.de\/wp-content\/uploads\/2016\/10\/IMG_6608-01-768x767.jpeg 768w, http:\/\/www.susanne-theil.de\/wp-content\/uploads\/2016\/10\/IMG_6608-01-1024x1022.jpeg 1024w, http:\/\/www.susanne-theil.de\/wp-content\/uploads\/2016\/10\/IMG_6608-01-301x300.jpeg 301w\" sizes=\"auto, (max-width: 150px) 100vw, 150px\" \/><\/a><a href=\"http:\/\/www.susanne-theil.de\/wp-content\/uploads\/2016\/10\/pic20201227130807-01.jpeg\"><img loading=\"lazy\" decoding=\"async\" class=\"size-thumbnail wp-image-371 alignleft\" src=\"http:\/\/www.susanne-theil.de\/wp-content\/uploads\/2016\/10\/pic20201227130807-01-150x150.jpeg\" alt=\"Gott\" width=\"150\" height=\"150\" srcset=\"http:\/\/www.susanne-theil.de\/wp-content\/uploads\/2016\/10\/pic20201227130807-01-150x150.jpeg 150w, http:\/\/www.susanne-theil.de\/wp-content\/uploads\/2016\/10\/pic20201227130807-01-300x300.jpeg 300w, http:\/\/www.susanne-theil.de\/wp-content\/uploads\/2016\/10\/pic20201227130807-01-768x768.jpeg 768w, http:\/\/www.susanne-theil.de\/wp-content\/uploads\/2016\/10\/pic20201227130807-01-1024x1024.jpeg 1024w, http:\/\/www.susanne-theil.de\/wp-content\/uploads\/2016\/10\/pic20201227130807-01.jpeg 1682w\" sizes=\"auto, (max-width: 150px) 100vw, 150px\" \/><\/a><a href=\"http:\/\/www.susanne-theil.de\/wp-content\/uploads\/2016\/10\/Screenshot_20190828-182546_Samsung-Internet-03.jpeg\"><img loading=\"lazy\" decoding=\"async\" class=\"size-thumbnail wp-image-370 alignleft\" src=\"http:\/\/www.susanne-theil.de\/wp-content\/uploads\/2016\/10\/Screenshot_20190828-182546_Samsung-Internet-03-150x150.jpeg\" alt=\"Tod eines Handlungsreiasenden\" width=\"150\" height=\"150\" \/><\/a><\/p>\n<p>&nbsp;<\/p>\n<p>&nbsp;<\/p>\n<p>&nbsp;<\/p>\n<p>&nbsp;<\/p>\n<p><a href=\"http:\/\/www.susanne-theil.de\/wp-content\/uploads\/2016\/10\/Screenshot_20220512-144502_Dropbox.jpg\"><img loading=\"lazy\" decoding=\"async\" class=\"alignleft size-thumbnail wp-image-384\" src=\"http:\/\/www.susanne-theil.de\/wp-content\/uploads\/2016\/10\/Screenshot_20220512-144502_Dropbox-150x150.jpg\" alt=\"Screenshot_20220512-144502_Dropbox\" width=\"150\" height=\"150\" \/><\/a><a href=\"http:\/\/www.susanne-theil.de\/wp-content\/uploads\/2016\/10\/20220921_045206.jpg\"><img loading=\"lazy\" decoding=\"async\" class=\"alignleft size-thumbnail wp-image-383\" src=\"http:\/\/www.susanne-theil.de\/wp-content\/uploads\/2016\/10\/20220921_045206-150x150.jpg\" alt=\"\" width=\"150\" height=\"150\" \/><\/a><a href=\"http:\/\/www.susanne-theil.de\/wp-content\/uploads\/2016\/10\/SB_28611-01.jpeg\"><img loading=\"lazy\" decoding=\"async\" class=\"alignleft size-thumbnail wp-image-385\" src=\"http:\/\/www.susanne-theil.de\/wp-content\/uploads\/2016\/10\/SB_28611-01-150x150.jpeg\" alt=\"\" width=\"150\" height=\"150\" \/><\/a><\/p>\n\n\t\t<style type=\"text\/css\">\n\t\t\t#gallery-1 {\n\t\t\t\tmargin: auto;\n\t\t\t}\n\t\t\t#gallery-1 .gallery-item {\n\t\t\t\tfloat: left;\n\t\t\t\tmargin-top: 10px;\n\t\t\t\ttext-align: center;\n\t\t\t\twidth: 33%;\n\t\t\t}\n\t\t\t#gallery-1 img {\n\t\t\t\tborder: 2px solid #cfcfcf;\n\t\t\t}\n\t\t\t#gallery-1 .gallery-caption {\n\t\t\t\tmargin-left: 0;\n\t\t\t}\n\t\t\t\/* see gallery_shortcode() in wp-includes\/media.php *\/\n\t\t<\/style>\n\t\t<div id='gallery-1' class='gallery galleryid-58 gallery-columns-3 gallery-size-thumbnail'><dl class='gallery-item'>\n\t\t\t<dt class='gallery-icon portrait'>\n\t\t\t\t<a href='http:\/\/www.susanne-theil.de\/?attachment_id=330'><img loading=\"lazy\" decoding=\"async\" width=\"150\" height=\"150\" src=\"http:\/\/www.susanne-theil.de\/wp-content\/uploads\/2019\/07\/FB_IMG_1521228869137-150x150.jpg\" class=\"attachment-thumbnail size-thumbnail\" alt=\"\" aria-describedby=\"gallery-1-330\" \/><\/a>\n\t\t\t<\/dt>\n\t\t\t\t<dd class='wp-caption-text gallery-caption' id='gallery-1-330'>\n\t\t\t\tFracking\n\t\t\t\t<\/dd><\/dl><dl class='gallery-item'>\n\t\t\t<dt class='gallery-icon landscape'>\n\t\t\t\t<a href='http:\/\/www.susanne-theil.de\/?attachment_id=333'><img loading=\"lazy\" decoding=\"async\" width=\"150\" height=\"150\" src=\"http:\/\/www.susanne-theil.de\/wp-content\/uploads\/2019\/07\/charley_0631-150x150.jpg\" class=\"attachment-thumbnail size-thumbnail\" alt=\"\" aria-describedby=\"gallery-1-333\" \/><\/a>\n\t\t\t<\/dt>\n\t\t\t\t<dd class='wp-caption-text gallery-caption' id='gallery-1-333'>\n\t\t\t\tEm Charley sei Tante\n\t\t\t\t<\/dd><\/dl><dl class='gallery-item'>\n\t\t\t<dt class='gallery-icon landscape'>\n\t\t\t\t<a href='http:\/\/www.susanne-theil.de\/?attachment_id=331'><img loading=\"lazy\" decoding=\"async\" width=\"150\" height=\"150\" src=\"http:\/\/www.susanne-theil.de\/wp-content\/uploads\/2019\/07\/FB_IMG_1521228881368-150x150.jpg\" class=\"attachment-thumbnail size-thumbnail\" alt=\"\" aria-describedby=\"gallery-1-331\" \/><\/a>\n\t\t\t<\/dt>\n\t\t\t\t<dd class='wp-caption-text gallery-caption' id='gallery-1-331'>\n\t\t\t\tFracking\n\t\t\t\t<\/dd><\/dl><br style=\"clear: both\" \/><dl class='gallery-item'>\n\t\t\t<dt class='gallery-icon landscape'>\n\t\t\t\t<a href='http:\/\/www.susanne-theil.de\/?attachment_id=338'><img loading=\"lazy\" decoding=\"async\" width=\"150\" height=\"150\" src=\"http:\/\/www.susanne-theil.de\/wp-content\/uploads\/2019\/07\/suesseste-Fruechte-201--150x150.jpeg\" class=\"attachment-thumbnail size-thumbnail\" alt=\"\" aria-describedby=\"gallery-1-338\" \/><\/a>\n\t\t\t<\/dt>\n\t\t\t\t<dd class='wp-caption-text gallery-caption' id='gallery-1-338'>\n\t\t\t\tDie s\u00fc\u00dfesten Fr\u00fcchte\n\t\t\t\t<\/dd><\/dl><dl class='gallery-item'>\n\t\t\t<dt class='gallery-icon landscape'>\n\t\t\t\t<a href='http:\/\/www.susanne-theil.de\/?attachment_id=335'><img loading=\"lazy\" decoding=\"async\" width=\"150\" height=\"150\" src=\"http:\/\/www.susanne-theil.de\/wp-content\/uploads\/2019\/07\/suesseste-Fruechte-144-01-150x150.jpeg\" class=\"attachment-thumbnail size-thumbnail\" alt=\"\" aria-describedby=\"gallery-1-335\" \/><\/a>\n\t\t\t<\/dt>\n\t\t\t\t<dd class='wp-caption-text gallery-caption' id='gallery-1-335'>\n\t\t\t\tDie s\u00fc\u00dfesten Fr\u00fcchte\n\t\t\t\t<\/dd><\/dl><dl class='gallery-item'>\n\t\t\t<dt class='gallery-icon landscape'>\n\t\t\t\t<a href='http:\/\/www.susanne-theil.de\/?attachment_id=332'><img loading=\"lazy\" decoding=\"async\" width=\"150\" height=\"150\" src=\"http:\/\/www.susanne-theil.de\/wp-content\/uploads\/2019\/07\/suesseste-Fruechte-031-01-150x150.jpeg\" class=\"attachment-thumbnail size-thumbnail\" alt=\"\" aria-describedby=\"gallery-1-332\" srcset=\"http:\/\/www.susanne-theil.de\/wp-content\/uploads\/2019\/07\/suesseste-Fruechte-031-01-150x150.jpeg 150w, http:\/\/www.susanne-theil.de\/wp-content\/uploads\/2019\/07\/suesseste-Fruechte-031-01-300x300.jpeg 300w, http:\/\/www.susanne-theil.de\/wp-content\/uploads\/2019\/07\/suesseste-Fruechte-031-01.jpeg 660w\" sizes=\"auto, (max-width: 150px) 100vw, 150px\" \/><\/a>\n\t\t\t<\/dt>\n\t\t\t\t<dd class='wp-caption-text gallery-caption' id='gallery-1-332'>\n\t\t\t\tDie s\u00fc\u00dfesten Fr\u00fcchte\n\t\t\t\t<\/dd><\/dl><br style=\"clear: both\" \/><dl class='gallery-item'>\n\t\t\t<dt class='gallery-icon portrait'>\n\t\t\t\t<a href='http:\/\/www.susanne-theil.de\/?attachment_id=246'><img loading=\"lazy\" decoding=\"async\" width=\"150\" height=\"150\" src=\"http:\/\/www.susanne-theil.de\/wp-content\/uploads\/2016\/10\/Honig-im-Kopf036-01-150x150.jpeg\" class=\"attachment-thumbnail size-thumbnail\" alt=\"\" aria-describedby=\"gallery-1-246\" \/><\/a>\n\t\t\t<\/dt>\n\t\t\t\t<dd class='wp-caption-text gallery-caption' id='gallery-1-246'>\n\t\t\t\tHonig im Kopf\n\t\t\t\t<\/dd><\/dl><dl class='gallery-item'>\n\t\t\t<dt class='gallery-icon landscape'>\n\t\t\t\t<a href='http:\/\/www.susanne-theil.de\/?attachment_id=245'><img loading=\"lazy\" decoding=\"async\" width=\"150\" height=\"150\" src=\"http:\/\/www.susanne-theil.de\/wp-content\/uploads\/2016\/10\/Honig-im-Kopf055-01-150x150.jpeg\" class=\"attachment-thumbnail size-thumbnail\" alt=\"\" aria-describedby=\"gallery-1-245\" srcset=\"http:\/\/www.susanne-theil.de\/wp-content\/uploads\/2016\/10\/Honig-im-Kopf055-01-150x150.jpeg 150w, http:\/\/www.susanne-theil.de\/wp-content\/uploads\/2016\/10\/Honig-im-Kopf055-01-300x300.jpeg 300w, http:\/\/www.susanne-theil.de\/wp-content\/uploads\/2016\/10\/Honig-im-Kopf055-01-768x768.jpeg 768w, http:\/\/www.susanne-theil.de\/wp-content\/uploads\/2016\/10\/Honig-im-Kopf055-01-1024x1024.jpeg 1024w\" sizes=\"auto, (max-width: 150px) 100vw, 150px\" \/><\/a>\n\t\t\t<\/dt>\n\t\t\t\t<dd class='wp-caption-text gallery-caption' id='gallery-1-245'>\n\t\t\t\tHonig im Kopf\n\t\t\t\t<\/dd><\/dl><dl class='gallery-item'>\n\t\t\t<dt class='gallery-icon portrait'>\n\t\t\t\t<a href='http:\/\/www.susanne-theil.de\/?attachment_id=247'><img loading=\"lazy\" decoding=\"async\" width=\"150\" height=\"150\" src=\"http:\/\/www.susanne-theil.de\/wp-content\/uploads\/2016\/10\/20413921_10207275106194244_6634790929332978411_o-150x150.jpg\" class=\"attachment-thumbnail size-thumbnail\" alt=\"\" aria-describedby=\"gallery-1-247\" \/><\/a>\n\t\t\t<\/dt>\n\t\t\t\t<dd class='wp-caption-text gallery-caption' id='gallery-1-247'>\n\t\t\t\tDer zerbrochene Krug\n\t\t\t\t<\/dd><\/dl><br style=\"clear: both\" \/><dl class='gallery-item'>\n\t\t\t<dt class='gallery-icon landscape'>\n\t\t\t\t<a href='http:\/\/www.susanne-theil.de\/?attachment_id=237'><img loading=\"lazy\" decoding=\"async\" width=\"150\" height=\"150\" src=\"http:\/\/www.susanne-theil.de\/wp-content\/uploads\/2017\/04\/DSC_0164-01-150x150.jpeg\" class=\"attachment-thumbnail size-thumbnail\" alt=\"\" aria-describedby=\"gallery-1-237\" \/><\/a>\n\t\t\t<\/dt>\n\t\t\t\t<dd class='wp-caption-text gallery-caption' id='gallery-1-237'>\n\t\t\t\tBertha Benz\n\t\t\t\t<\/dd><\/dl><dl class='gallery-item'>\n\t\t\t<dt class='gallery-icon portrait'>\n\t\t\t\t<a href='http:\/\/www.susanne-theil.de\/?attachment_id=234'><img loading=\"lazy\" decoding=\"async\" width=\"150\" height=\"150\" src=\"http:\/\/www.susanne-theil.de\/wp-content\/uploads\/2017\/04\/DSC_0174-02-150x150.jpeg\" class=\"attachment-thumbnail size-thumbnail\" alt=\"\" aria-describedby=\"gallery-1-234\" \/><\/a>\n\t\t\t<\/dt>\n\t\t\t\t<dd class='wp-caption-text gallery-caption' id='gallery-1-234'>\n\t\t\t\tBertha Benz\n\t\t\t\t<\/dd><\/dl><dl class='gallery-item'>\n\t\t\t<dt class='gallery-icon landscape'>\n\t\t\t\t<a href='http:\/\/www.susanne-theil.de\/?attachment_id=236'><img loading=\"lazy\" decoding=\"async\" width=\"150\" height=\"150\" src=\"http:\/\/www.susanne-theil.de\/wp-content\/uploads\/2017\/04\/DSC_7965-02-150x150.jpeg\" class=\"attachment-thumbnail size-thumbnail\" alt=\"\" aria-describedby=\"gallery-1-236\" \/><\/a>\n\t\t\t<\/dt>\n\t\t\t\t<dd class='wp-caption-text gallery-caption' id='gallery-1-236'>\n\t\t\t\tBertha Benz\n\t\t\t\t<\/dd><\/dl><br style=\"clear: both\" \/><dl class='gallery-item'>\n\t\t\t<dt class='gallery-icon portrait'>\n\t\t\t\t<a href='http:\/\/www.susanne-theil.de\/?attachment_id=178'><img loading=\"lazy\" decoding=\"async\" width=\"150\" height=\"150\" src=\"http:\/\/www.susanne-theil.de\/wp-content\/uploads\/2016\/10\/IMG_1595-01-150x150.jpeg\" class=\"attachment-thumbnail size-thumbnail\" alt=\"\" aria-describedby=\"gallery-1-178\" srcset=\"http:\/\/www.susanne-theil.de\/wp-content\/uploads\/2016\/10\/IMG_1595-01-150x150.jpeg 150w, http:\/\/www.susanne-theil.de\/wp-content\/uploads\/2016\/10\/IMG_1595-01-300x300.jpeg 300w, http:\/\/www.susanne-theil.de\/wp-content\/uploads\/2016\/10\/IMG_1595-01-768x769.jpeg 768w, http:\/\/www.susanne-theil.de\/wp-content\/uploads\/2016\/10\/IMG_1595-01-1022x1024.jpeg 1022w\" sizes=\"auto, (max-width: 150px) 100vw, 150px\" \/><\/a>\n\t\t\t<\/dt>\n\t\t\t\t<dd class='wp-caption-text gallery-caption' id='gallery-1-178'>\n\t\t\t\tHarold und Maude\n\t\t\t\t<\/dd><\/dl><dl class='gallery-item'>\n\t\t\t<dt class='gallery-icon landscape'>\n\t\t\t\t<a href='http:\/\/www.susanne-theil.de\/?attachment_id=171'><img loading=\"lazy\" decoding=\"async\" width=\"150\" height=\"150\" src=\"http:\/\/www.susanne-theil.de\/wp-content\/uploads\/2016\/09\/IMG_1522-01-150x150.jpeg\" class=\"attachment-thumbnail size-thumbnail\" alt=\"\" aria-describedby=\"gallery-1-171\" \/><\/a>\n\t\t\t<\/dt>\n\t\t\t\t<dd class='wp-caption-text gallery-caption' id='gallery-1-171'>\n\t\t\t\tHarold und Maude\n\t\t\t\t<\/dd><\/dl><dl class='gallery-item'>\n\t\t\t<dt class='gallery-icon portrait'>\n\t\t\t\t<a href='http:\/\/www.susanne-theil.de\/?attachment_id=182'><img loading=\"lazy\" decoding=\"async\" width=\"150\" height=\"150\" src=\"http:\/\/www.susanne-theil.de\/wp-content\/uploads\/2016\/10\/IMG_9815-01-150x150.jpeg\" class=\"attachment-thumbnail size-thumbnail\" alt=\"\" aria-describedby=\"gallery-1-182\" \/><\/a>\n\t\t\t<\/dt>\n\t\t\t\t<dd class='wp-caption-text gallery-caption' id='gallery-1-182'>\n\t\t\t\tHarold und Maude\n\t\t\t\t<\/dd><\/dl><br style=\"clear: both\" \/><dl class='gallery-item'>\n\t\t\t<dt class='gallery-icon portrait'>\n\t\t\t\t<a href='http:\/\/www.susanne-theil.de\/?attachment_id=101'><img loading=\"lazy\" decoding=\"async\" width=\"150\" height=\"150\" src=\"http:\/\/www.susanne-theil.de\/wp-content\/uploads\/2016\/09\/22-150x150.jpg\" class=\"attachment-thumbnail size-thumbnail\" alt=\"\" aria-describedby=\"gallery-1-101\" \/><\/a>\n\t\t\t<\/dt>\n\t\t\t\t<dd class='wp-caption-text gallery-caption' id='gallery-1-101'>\n\t\t\t\tViel L\u00e4rm um nichts\n\t\t\t\t<\/dd><\/dl><dl class='gallery-item'>\n\t\t\t<dt class='gallery-icon portrait'>\n\t\t\t\t<a href='http:\/\/www.susanne-theil.de\/?attachment_id=100'><img loading=\"lazy\" decoding=\"async\" width=\"150\" height=\"150\" src=\"http:\/\/www.susanne-theil.de\/wp-content\/uploads\/2016\/09\/21-150x150.jpg\" class=\"attachment-thumbnail size-thumbnail\" alt=\"\" aria-describedby=\"gallery-1-100\" \/><\/a>\n\t\t\t<\/dt>\n\t\t\t\t<dd class='wp-caption-text gallery-caption' id='gallery-1-100'>\n\t\t\t\tViel L\u00e4rm um nichts\n\t\t\t\t<\/dd><\/dl><dl class='gallery-item'>\n\t\t\t<dt class='gallery-icon landscape'>\n\t\t\t\t<a href='http:\/\/www.susanne-theil.de\/?attachment_id=104'><img loading=\"lazy\" decoding=\"async\" width=\"150\" height=\"150\" src=\"http:\/\/www.susanne-theil.de\/wp-content\/uploads\/2016\/09\/25-150x150.jpg\" class=\"attachment-thumbnail size-thumbnail\" alt=\"\" aria-describedby=\"gallery-1-104\" srcset=\"http:\/\/www.susanne-theil.de\/wp-content\/uploads\/2016\/09\/25-150x150.jpg 150w, http:\/\/www.susanne-theil.de\/wp-content\/uploads\/2016\/09\/25-300x300.jpg 300w, http:\/\/www.susanne-theil.de\/wp-content\/uploads\/2016\/09\/25-768x768.jpg 768w, http:\/\/www.susanne-theil.de\/wp-content\/uploads\/2016\/09\/25-1024x1024.jpg 1024w, http:\/\/www.susanne-theil.de\/wp-content\/uploads\/2016\/09\/25.jpg 1080w\" sizes=\"auto, (max-width: 150px) 100vw, 150px\" \/><\/a>\n\t\t\t<\/dt>\n\t\t\t\t<dd class='wp-caption-text gallery-caption' id='gallery-1-104'>\n\t\t\t\tAuf und davon\n\t\t\t\t<\/dd><\/dl><br style=\"clear: both\" \/><dl class='gallery-item'>\n\t\t\t<dt class='gallery-icon landscape'>\n\t\t\t\t<a href='http:\/\/www.susanne-theil.de\/?attachment_id=99'><img loading=\"lazy\" decoding=\"async\" width=\"150\" height=\"150\" src=\"http:\/\/www.susanne-theil.de\/wp-content\/uploads\/2016\/09\/20-1-150x150.jpg\" class=\"attachment-thumbnail size-thumbnail\" alt=\"\" aria-describedby=\"gallery-1-99\" \/><\/a>\n\t\t\t<\/dt>\n\t\t\t\t<dd class='wp-caption-text gallery-caption' id='gallery-1-99'>\n\t\t\t\tDie Haischwimmerin\n\t\t\t\t<\/dd><\/dl><dl class='gallery-item'>\n\t\t\t<dt class='gallery-icon landscape'>\n\t\t\t\t<a href='http:\/\/www.susanne-theil.de\/?attachment_id=97'><img loading=\"lazy\" decoding=\"async\" width=\"150\" height=\"150\" src=\"http:\/\/www.susanne-theil.de\/wp-content\/uploads\/2016\/09\/18-150x150.jpg\" class=\"attachment-thumbnail size-thumbnail\" alt=\"\" aria-describedby=\"gallery-1-97\" \/><\/a>\n\t\t\t<\/dt>\n\t\t\t\t<dd class='wp-caption-text gallery-caption' id='gallery-1-97'>\n\t\t\t\tBluthochzeit\n\t\t\t\t<\/dd><\/dl><dl class='gallery-item'>\n\t\t\t<dt class='gallery-icon portrait'>\n\t\t\t\t<a href='http:\/\/www.susanne-theil.de\/?attachment_id=106'><img loading=\"lazy\" decoding=\"async\" width=\"150\" height=\"150\" src=\"http:\/\/www.susanne-theil.de\/wp-content\/uploads\/2016\/09\/27-150x150.jpg\" class=\"attachment-thumbnail size-thumbnail\" alt=\"\" aria-describedby=\"gallery-1-106\" \/><\/a>\n\t\t\t<\/dt>\n\t\t\t\t<dd class='wp-caption-text gallery-caption' id='gallery-1-106'>\n\t\t\t\tSchwabenhatz\n\t\t\t\t<\/dd><\/dl><br style=\"clear: both\" \/><dl class='gallery-item'>\n\t\t\t<dt class='gallery-icon portrait'>\n\t\t\t\t<a href='http:\/\/www.susanne-theil.de\/?attachment_id=85'><img loading=\"lazy\" decoding=\"async\" width=\"150\" height=\"150\" src=\"http:\/\/www.susanne-theil.de\/wp-content\/uploads\/2016\/09\/9-01-150x150.jpeg\" class=\"attachment-thumbnail size-thumbnail\" alt=\"\" aria-describedby=\"gallery-1-85\" \/><\/a>\n\t\t\t<\/dt>\n\t\t\t\t<dd class='wp-caption-text gallery-caption' id='gallery-1-85'>\n\t\t\t\tOthello\n\t\t\t\t<\/dd><\/dl><dl class='gallery-item'>\n\t\t\t<dt class='gallery-icon portrait'>\n\t\t\t\t<a href='http:\/\/www.susanne-theil.de\/?attachment_id=76'><img loading=\"lazy\" decoding=\"async\" width=\"150\" height=\"150\" src=\"http:\/\/www.susanne-theil.de\/wp-content\/uploads\/2016\/09\/5-01-150x150.jpeg\" class=\"attachment-thumbnail size-thumbnail\" alt=\"\" aria-describedby=\"gallery-1-76\" \/><\/a>\n\t\t\t<\/dt>\n\t\t\t\t<dd class='wp-caption-text gallery-caption' id='gallery-1-76'>\n\t\t\t\tMein Kampf\n\t\t\t\t<\/dd><\/dl><dl class='gallery-item'>\n\t\t\t<dt class='gallery-icon landscape'>\n\t\t\t\t<a href='http:\/\/www.susanne-theil.de\/?attachment_id=75'><img loading=\"lazy\" decoding=\"async\" width=\"150\" height=\"150\" src=\"http:\/\/www.susanne-theil.de\/wp-content\/uploads\/2016\/09\/3-150x150.jpg\" class=\"attachment-thumbnail size-thumbnail\" alt=\"\" aria-describedby=\"gallery-1-75\" \/><\/a>\n\t\t\t<\/dt>\n\t\t\t\t<dd class='wp-caption-text gallery-caption' id='gallery-1-75'>\n\t\t\t\tDie R\u00e4uber\n\t\t\t\t<\/dd><\/dl><br style=\"clear: both\" \/><dl class='gallery-item'>\n\t\t\t<dt class='gallery-icon landscape'>\n\t\t\t\t<a href='http:\/\/www.susanne-theil.de\/?attachment_id=74'><img loading=\"lazy\" decoding=\"async\" width=\"150\" height=\"150\" src=\"http:\/\/www.susanne-theil.de\/wp-content\/uploads\/2016\/09\/2-150x150.jpg\" class=\"attachment-thumbnail size-thumbnail\" alt=\"\" aria-describedby=\"gallery-1-74\" \/><\/a>\n\t\t\t<\/dt>\n\t\t\t\t<dd class='wp-caption-text gallery-caption' id='gallery-1-74'>\n\t\t\t\tDisco Pigs\n\t\t\t\t<\/dd><\/dl><dl class='gallery-item'>\n\t\t\t<dt class='gallery-icon landscape'>\n\t\t\t\t<a href='http:\/\/www.susanne-theil.de\/?attachment_id=81'><img loading=\"lazy\" decoding=\"async\" width=\"150\" height=\"150\" src=\"http:\/\/www.susanne-theil.de\/wp-content\/uploads\/2016\/09\/7-150x150.jpg\" class=\"attachment-thumbnail size-thumbnail\" alt=\"\" aria-describedby=\"gallery-1-81\" \/><\/a>\n\t\t\t<\/dt>\n\t\t\t\t<dd class='wp-caption-text gallery-caption' id='gallery-1-81'>\n\t\t\t\tGrimmige M\u00e4rchen\n\t\t\t\t<\/dd><\/dl><dl class='gallery-item'>\n\t\t\t<dt class='gallery-icon portrait'>\n\t\t\t\t<a href='http:\/\/www.susanne-theil.de\/?attachment_id=117'><img loading=\"lazy\" decoding=\"async\" width=\"150\" height=\"150\" src=\"http:\/\/www.susanne-theil.de\/wp-content\/uploads\/2016\/09\/2012_03_27_Disco_Pigs_218-150x150.jpg\" class=\"attachment-thumbnail size-thumbnail\" alt=\"\" aria-describedby=\"gallery-1-117\" \/><\/a>\n\t\t\t<\/dt>\n\t\t\t\t<dd class='wp-caption-text gallery-caption' id='gallery-1-117'>\n\t\t\t\tDisco Pigs\n\t\t\t\t<\/dd><\/dl><br style=\"clear: both\" \/><dl class='gallery-item'>\n\t\t\t<dt class='gallery-icon landscape'>\n\t\t\t\t<a href='http:\/\/www.susanne-theil.de\/?attachment_id=73'><img loading=\"lazy\" decoding=\"async\" width=\"150\" height=\"150\" src=\"http:\/\/www.susanne-theil.de\/wp-content\/uploads\/2016\/09\/DSC3670-01-150x150.jpeg\" class=\"attachment-thumbnail size-thumbnail\" alt=\"\" aria-describedby=\"gallery-1-73\" \/><\/a>\n\t\t\t<\/dt>\n\t\t\t\t<dd class='wp-caption-text gallery-caption' id='gallery-1-73'>\n\t\t\t\tSchlaraffenland in Gefahr\n\t\t\t\t<\/dd><\/dl><dl class='gallery-item'>\n\t\t\t<dt class='gallery-icon landscape'>\n\t\t\t\t<a href='http:\/\/www.susanne-theil.de\/?attachment_id=108'><img loading=\"lazy\" decoding=\"async\" width=\"150\" height=\"150\" src=\"http:\/\/www.susanne-theil.de\/wp-content\/uploads\/2016\/09\/28-01-150x150.jpeg\" class=\"attachment-thumbnail size-thumbnail\" alt=\"\" aria-describedby=\"gallery-1-108\" \/><\/a>\n\t\t\t<\/dt>\n\t\t\t\t<dd class='wp-caption-text gallery-caption' id='gallery-1-108'>\n\t\t\t\tDie kleine Meerjungfrau\n\t\t\t\t<\/dd><\/dl><dl class='gallery-item'>\n\t\t\t<dt class='gallery-icon landscape'>\n\t\t\t\t<a href='http:\/\/www.susanne-theil.de\/?attachment_id=93'><img loading=\"lazy\" decoding=\"async\" width=\"150\" height=\"150\" src=\"http:\/\/www.susanne-theil.de\/wp-content\/uploads\/2016\/09\/15-150x150.jpg\" class=\"attachment-thumbnail size-thumbnail\" alt=\"\" aria-describedby=\"gallery-1-93\" \/><\/a>\n\t\t\t<\/dt>\n\t\t\t\t<dd class='wp-caption-text gallery-caption' id='gallery-1-93'>\n\t\t\t\tDie kleine Meerjungfrau\n\t\t\t\t<\/dd><\/dl><br style=\"clear: both\" \/>\n\t\t<\/div>\n\n<p>&nbsp;<\/p>\n","protected":false},"excerpt":{"rendered":"<p>&nbsp; &nbsp; &nbsp; &nbsp; &nbsp;<\/p>\n","protected":false},"author":1,"featured_media":0,"parent":54,"menu_order":0,"comment_status":"closed","ping_status":"closed","template":"","meta":{"footnotes":""},"class_list":["post-58","page","type-page","status-publish","hentry"],"_links":{"self":[{"href":"http:\/\/www.susanne-theil.de\/index.php?rest_route=\/wp\/v2\/pages\/58","targetHints":{"allow":["GET"]}}],"collection":[{"href":"http:\/\/www.susanne-theil.de\/index.php?rest_route=\/wp\/v2\/pages"}],"about":[{"href":"http:\/\/www.susanne-theil.de\/index.php?rest_route=\/wp\/v2\/types\/page"}],"author":[{"embeddable":true,"href":"http:\/\/www.susanne-theil.de\/index.php?rest_route=\/wp\/v2\/users\/1"}],"replies":[{"embeddable":true,"href":"http:\/\/www.susanne-theil.de\/index.php?rest_route=%2Fwp%2Fv2%2Fcomments&post=58"}],"version-history":[{"count":9,"href":"http:\/\/www.susanne-theil.de\/index.php?rest_route=\/wp\/v2\/pages\/58\/revisions"}],"predecessor-version":[{"id":340,"href":"http:\/\/www.susanne-theil.de\/index.php?rest_route=\/wp\/v2\/pages\/58\/revisions\/340"}],"up":[{"embeddable":true,"href":"http:\/\/www.susanne-theil.de\/index.php?rest_route=\/wp\/v2\/pages\/54"}],"wp:attachment":[{"href":"http:\/\/www.susanne-theil.de\/index.php?rest_route=%2Fwp%2Fv2%2Fmedia&parent=58"}],"curies":[{"name":"wp","href":"https:\/\/api.w.org\/{rel}","templated":true}]}}